{"id":5525,"date":"2018-06-18T06:57:57","date_gmt":"2018-06-18T06:57:57","guid":{"rendered":"https:\/\/mariesezceramics.com\/index.php\/about-2\/"},"modified":"2023-08-18T11:12:15","modified_gmt":"2023-08-18T09:12:15","slug":"about-2","status":"publish","type":"page","link":"https:\/\/mariesezceramics.com\/index.php\/about-2\/","title":{"rendered":"Qui suis-je ?"},"content":{"rendered":"\t\t<div data-elementor-type=\"wp-post\" data-elementor-id=\"5525\" class=\"elementor elementor-5525\">\n\t\t\t\t\t\t<section class=\"elementor-section elementor-top-section elementor-element elementor-element-7af1913 elementor-section-content-middle elementor-section-boxed elementor-section-height-default elementor-section-height-default\" data-id=\"7af1913\" data-element_type=\"section\" data-e-type=\"section\" data-settings=\"{&quot;background_background&quot;:&quot;classic&quot;}\">\n\t\t\t\t\t\t\t<div class=\"elementor-background-overlay\"><\/div>\n\t\t\t\t\t\t\t<div class=\"elementor-container elementor-column-gap-default\">\n\t\t\t\t\t<div class=\"elementor-column elementor-col-100 elementor-top-column elementor-element elementor-element-6ed6cac\" data-id=\"6ed6cac\" data-element_type=\"column\" data-e-type=\"column\">\n\t\t\t<div class=\"elementor-widget-wrap elementor-element-populated\">\n\t\t\t\t\t\t<div class=\"elementor-element elementor-element-285c924 elementor-widget elementor-widget-heading\" data-id=\"285c924\" data-element_type=\"widget\" data-e-type=\"widget\" data-widget_type=\"heading.default\">\n\t\t\t\t<div class=\"elementor-widget-container\">\n\t\t\t\t\t<h1 class=\"elementor-heading-title elementor-size-default\">Qui suis-je ? <\/h1>\t\t\t\t<\/div>\n\t\t\t\t<\/div>\n\t\t\t\t\t<\/div>\n\t\t<\/div>\n\t\t\t\t\t<\/div>\n\t\t<\/section>\n\t\t\t\t<section class=\"elementor-section elementor-top-section elementor-element elementor-element-1dce173 elementor-section-boxed elementor-section-height-default elementor-section-height-default\" data-id=\"1dce173\" data-element_type=\"section\" data-e-type=\"section\">\n\t\t\t\t\t\t<div class=\"elementor-container elementor-column-gap-custom\">\n\t\t\t\t\t<div class=\"elementor-column elementor-col-50 elementor-top-column elementor-element elementor-element-fbd939e\" data-id=\"fbd939e\" data-element_type=\"column\" data-e-type=\"column\">\n\t\t\t<div class=\"elementor-widget-wrap elementor-element-populated\">\n\t\t\t\t\t\t<div class=\"elementor-element elementor-element-4ecc46c elementor-widget elementor-widget-image\" data-id=\"4ecc46c\" data-element_type=\"widget\" data-e-type=\"widget\" data-widget_type=\"image.default\">\n\t\t\t\t<div class=\"elementor-widget-container\">\n\t\t\t\t\t\t\t\t\t\t\t\t\t\t\t<img fetchpriority=\"high\" decoding=\"async\" width=\"300\" height=\"300\" src=\"https:\/\/mariesezceramics.com\/wp-content\/uploads\/2023\/07\/IMG_0853-300x300.jpeg\" class=\"attachment-woocommerce_thumbnail size-woocommerce_thumbnail wp-image-5607\" alt=\"Marie Sez Ceramics\" srcset=\"https:\/\/mariesezceramics.com\/wp-content\/uploads\/2023\/07\/IMG_0853-300x300.jpeg 300w, https:\/\/mariesezceramics.com\/wp-content\/uploads\/2023\/07\/IMG_0853-150x150.jpeg 150w, https:\/\/mariesezceramics.com\/wp-content\/uploads\/2023\/07\/IMG_0853-100x100.jpeg 100w\" sizes=\"(max-width: 300px) 100vw, 300px\" \/>\t\t\t\t\t\t\t\t\t\t\t\t\t\t\t<\/div>\n\t\t\t\t<\/div>\n\t\t\t\t\t<\/div>\n\t\t<\/div>\n\t\t\t\t<div class=\"elementor-column elementor-col-50 elementor-top-column elementor-element elementor-element-7790fec\" data-id=\"7790fec\" data-element_type=\"column\" data-e-type=\"column\">\n\t\t\t<div class=\"elementor-widget-wrap elementor-element-populated\">\n\t\t\t\t\t\t<div class=\"elementor-element elementor-element-272b0e8 elementor-widget__width-initial elementor-widget-mobile__width-initial elementor-widget elementor-widget-image-box\" data-id=\"272b0e8\" data-element_type=\"widget\" data-e-type=\"widget\" data-widget_type=\"image-box.default\">\n\t\t\t\t<div class=\"elementor-widget-container\">\n\t\t\t\t\t<div class=\"elementor-image-box-wrapper\"><div class=\"elementor-image-box-content\"><h2 class=\"elementor-image-box-title\">Biographie<\/h2><p class=\"elementor-image-box-description\"><p class=\"MsoNormal\" style=\"margin: 0cm;font-size: medium;font-family: Cambria, serif;font-style: normal;white-space: normal\">Aujourd\u2019hui apr\u00e8s avoir travaill\u00e9 la photographie et l\u2019audiovisuel, je retourne \u00e0 mes premiers amours&nbsp;: l\u2019Argile.&nbsp;<\/p><p class=\"MsoNormal\" style=\"margin: 0cm;font-size: medium;font-family: Cambria, serif;font-style: normal;white-space: normal\">Dipl\u00f4m\u00e9e d\u2019un Master en Arts Plastiques \u00e0 l\u2019Universit\u00e9 de Paris Panth\u00e9on Sorbonne, j\u2019ai model\u00e9 la terre depuis mon adolescence aux ateliers du Louvre.&nbsp;&nbsp;Je cherche d\u00e9sormais dans ma pratique de la c\u00e9ramique \u00e0 cr\u00e9er une \u00e2me dans chacun des objets d\u00e9coratifs que je mod\u00e8le ou que je tourne pour les arts de la table.&nbsp;<\/p><p class=\"MsoNormal\" style=\"margin: 0cm;font-size: medium;font-family: Cambria, serif;font-style: normal;white-space: normal\">Pour moi, centrer la terre c\u2019est aussi se recentrer soi-m\u00eame&nbsp;! Chaque pi\u00e8ce est unique, fait-main, et r\u00e9alis\u00e9e avec cr\u00e9ativit\u00e9.&nbsp;<\/p>\n<\/p><\/div><\/div>\t\t\t\t<\/div>\n\t\t\t\t<\/div>\n\t\t\t\t\t<\/div>\n\t\t<\/div>\n\t\t\t\t\t<\/div>\n\t\t<\/section>\n\t\t\t\t<\/div>\n\t\t","protected":false},"excerpt":{"rendered":"<p>Qui suis-je ? Biographie Aujourd\u2019hui apr\u00e8s avoir travaill\u00e9 la photographie et l\u2019audiovisuel, je retourne \u00e0 mes premiers amours&nbsp;: l\u2019Argile.&nbsp; Dipl\u00f4m\u00e9e d\u2019un Master en Arts Plastiques \u00e0 l\u2019Universit\u00e9 de Paris Panth\u00e9on Sorbonne, j\u2019ai model\u00e9 la terre depuis mon adolescence aux ateliers du Louvre.&nbsp;&nbsp;Je cherche d\u00e9sormais dans ma pratique de la c\u00e9ramique \u00e0 cr\u00e9er une \u00e2me dans [&hellip;]<\/p>\n","protected":false},"author":1,"featured_media":0,"parent":0,"menu_order":0,"comment_status":"closed","ping_status":"closed","template":"","meta":{"site-sidebar-layout":"no-sidebar","site-content-layout":"page-builder","ast-site-content-layout":"","site-content-style":"default","site-sidebar-style":"default","ast-global-header-display":"","ast-banner-title-visibility":"","ast-main-header-display":"","ast-hfb-above-header-display":"","ast-hfb-below-header-display":"","ast-hfb-mobile-header-display":"","site-post-title":"disabled","ast-breadcrumbs-content":"","ast-featured-img":"disabled","footer-sml-layout":"","theme-transparent-header-meta":"enabled","adv-header-id-meta":"","stick-header-meta":"","header-above-stick-meta":"","header-main-stick-meta":"","header-below-stick-meta":"","astra-migrate-meta-layouts":"default","ast-page-background-enabled":"default","ast-page-background-meta":{"desktop":{"background-color":"","background-image":"","background-repeat":"repeat","background-position":"center center","background-size":"auto","background-attachment":"scroll","background-type":"","background-media":"","overlay-type":"","overlay-color":"","overlay-gradient":""},"tablet":{"background-color":"","background-image":"","background-repeat":"repeat","background-position":"center center","background-size":"auto","background-attachment":"scroll","background-type":"","background-media":"","overlay-type":"","overlay-color":"","overlay-gradient":""},"mobile":{"background-color":"","background-image":"","background-repeat":"repeat","background-position":"center center","background-size":"auto","background-attachment":"scroll","background-type":"","background-media":"","overlay-type":"","overlay-color":"","overlay-gradient":""}},"ast-content-background-meta":{"desktop":{"background-color":"var(--ast-global-color-5)","background-image":"","background-repeat":"repeat","background-position":"center center","background-size":"auto","background-attachment":"scroll","background-type":"","background-media":"","overlay-type":"","overlay-color":"","overlay-gradient":""},"tablet":{"background-color":"var(--ast-global-color-5)","background-image":"","background-repeat":"repeat","background-position":"center center","background-size":"auto","background-attachment":"scroll","background-type":"","background-media":"","overlay-type":"","overlay-color":"","overlay-gradient":""},"mobile":{"background-color":"var(--ast-global-color-5)","background-image":"","background-repeat":"repeat","background-position":"center center","background-size":"auto","background-attachment":"scroll","background-type":"","background-media":"","overlay-type":"","overlay-color":"","overlay-gradient":""}},"footnotes":""},"class_list":["post-5525","page","type-page","status-publish","hentry"],"jetpack_sharing_enabled":true,"_links":{"self":[{"href":"https:\/\/mariesezceramics.com\/index.php\/wp-json\/wp\/v2\/pages\/5525","targetHints":{"allow":["GET"]}}],"collection":[{"href":"https:\/\/mariesezceramics.com\/index.php\/wp-json\/wp\/v2\/pages"}],"about":[{"href":"https:\/\/mariesezceramics.com\/index.php\/wp-json\/wp\/v2\/types\/page"}],"author":[{"embeddable":true,"href":"https:\/\/mariesezceramics.com\/index.php\/wp-json\/wp\/v2\/users\/1"}],"replies":[{"embeddable":true,"href":"https:\/\/mariesezceramics.com\/index.php\/wp-json\/wp\/v2\/comments?post=5525"}],"version-history":[{"count":75,"href":"https:\/\/mariesezceramics.com\/index.php\/wp-json\/wp\/v2\/pages\/5525\/revisions"}],"predecessor-version":[{"id":6020,"href":"https:\/\/mariesezceramics.com\/index.php\/wp-json\/wp\/v2\/pages\/5525\/revisions\/6020"}],"wp:attachment":[{"href":"https:\/\/mariesezceramics.com\/index.php\/wp-json\/wp\/v2\/media?parent=5525"}],"curies":[{"name":"wp","href":"https:\/\/api.w.org\/{rel}","templated":true}]}}