{"id":5662,"date":"2023-07-15T15:57:13","date_gmt":"2023-07-15T13:57:13","guid":{"rendered":"https:\/\/mariesezceramics.com\/?post_type=product&#038;p=5662"},"modified":"2025-12-02T15:41:37","modified_gmt":"2025-12-02T14:41:37","slug":"mug-signature","status":"publish","type":"product","link":"https:\/\/mariesezceramics.com\/index.php\/product\/mug-signature\/","title":{"rendered":"Mug Signature"},"content":{"rendered":"<p>&nbsp;<\/p>\n<p>Chaque Mug Signature de cette collection est fa\u00e7onn\u00e9e avec soin et passion, ce qui en font des objets en c\u00e9ramique artisanale v\u00e9ritablement unique. Le gr\u00e8s, engob\u00e9 et \u00e9maill\u00e9 utilis\u00e9 pour fabriquer ces mugs est de la plus haute qualit\u00e9, offrant une finition lisse et brillante. Sa forme ergonomique a \u00e9t\u00e9 pens\u00e9 pour une prise en main confortable ce qui les rendent agr\u00e9able \u00e0 tenir et \u00e0 utiliser au quotidien.<\/p>\n<p>Le design des mug est \u00e9galement exceptionnel. le travail cr\u00e9atif entre la forme et la couleur est le fruit d&rsquo;un travail artistique minutieux, cr\u00e9ant une esth\u00e9tique visuelle remarquable. Que ce soit pour votre caf\u00e9 du matin ou votre th\u00e9 relaxant de l&rsquo;apr\u00e8s-midi, ce mug ajoutera une touche d&rsquo;\u00e9l\u00e9gance \u00e0 chaque d\u00e9gustation.<\/p>\n<p>En raison de sa fabrication artisanale, chaque mug peut pr\u00e9senter de l\u00e9g\u00e8res variations, ce qui contribue \u00e0 son caract\u00e8re unique et \u00e0 son charme. Vous aurez ainsi l&rsquo;assurance de poss\u00e9der un objet authentique, diff\u00e9rent de tous les autres. Ce mug en c\u00e9ramique artisanale fait main est non seulement un bel ajout \u00e0 votre collection de vaisselle, mais il constitue \u00e9galement un cadeau parfait pour vos proches.<\/p>\n<p>Offrez-le \u00e0 quelqu&rsquo;un de sp\u00e9cial et laissez-le savourer son breuvage favoris avec style et sophistication. Apportez une touche d&rsquo;artisanat d&rsquo;exception dans votre quotidien avec ces mugs en c\u00e9ramiques fait main et unique t\u00e9moignant de la cr\u00e9ativit\u00e9 artistique de l&rsquo;artiste et de votre gout pour le design.<\/p>\n","protected":false},"excerpt":{"rendered":"<p>D\u00e9couvrez ce magnifique mug en c\u00e9ramique artisanale fait main, un objet unique avec un design exceptionnel et de qualit\u00e9 sup\u00e9rieure. Ajoutez une touche d&rsquo;\u00e9l\u00e9gance \u00e0 votre routine avec ce mug authentique et original.<\/p>\n","protected":false},"featured_media":6031,"comment_status":"open","ping_status":"closed","template":"","meta":{"site-sidebar-layout":"no-sidebar","site-content-layout":"plain-container","ast-site-content-layout":"normal-width-container","site-content-style":"unboxed","site-sidebar-style":"unboxed","ast-global-header-display":"","ast-banner-title-visibility":"","ast-main-header-display":"","ast-hfb-above-header-display":"","ast-hfb-below-header-display":"","ast-hfb-mobile-header-display":"","site-post-title":"","ast-breadcrumbs-content":"","ast-featured-img":"","footer-sml-layout":"","theme-transparent-header-meta":"default","adv-header-id-meta":"","stick-header-meta":"","header-above-stick-meta":"","header-main-stick-meta":"","header-below-stick-meta":"","astra-migrate-meta-layouts":"set","ast-page-background-enabled":"default","ast-page-background-meta":{"desktop":{"background-color":"","background-image":"","background-repeat":"repeat","background-position":"center center","background-size":"auto","background-attachment":"scroll","background-type":"","background-media":"","overlay-type":"","overlay-color":"","overlay-gradient":""},"tablet":{"background-color":"","background-image":"","background-repeat":"repeat","background-position":"center center","background-size":"auto","background-attachment":"scroll","background-type":"","background-media":"","overlay-type":"","overlay-color":"","overlay-gradient":""},"mobile":{"background-color":"","background-image":"","background-repeat":"repeat","background-position":"center center","background-size":"auto","background-attachment":"scroll","background-type":"","background-media":"","overlay-type":"","overlay-color":"","overlay-gradient":""}},"ast-content-background-meta":{"desktop":{"background-color":"var(--ast-global-color-5)","background-image":"","background-repeat":"repeat","background-position":"center center","background-size":"auto","background-attachment":"scroll","background-type":"","background-media":"","overlay-type":"","overlay-color":"","overlay-gradient":""},"tablet":{"background-color":"var(--ast-global-color-5)","background-image":"","background-repeat":"repeat","background-position":"center center","background-size":"auto","background-attachment":"scroll","background-type":"","background-media":"","overlay-type":"","overlay-color":"","overlay-gradient":""},"mobile":{"background-color":"var(--ast-global-color-5)","background-image":"","background-repeat":"repeat","background-position":"center center","background-size":"auto","background-attachment":"scroll","background-type":"","background-media":"","overlay-type":"","overlay-color":"","overlay-gradient":""}}},"product_brand":[],"product_cat":[40],"product_tag":[],"class_list":{"0":"post-5662","1":"product","2":"type-product","3":"status-publish","4":"has-post-thumbnail","6":"product_cat-mug","7":"desktop-align-center","8":"tablet-align-center","9":"mobile-align-center","11":"first","12":"outofstock","13":"purchasable","14":"product-type-variable"},"jetpack_sharing_enabled":true,"_links":{"self":[{"href":"https:\/\/mariesezceramics.com\/index.php\/wp-json\/wp\/v2\/product\/5662","targetHints":{"allow":["GET"]}}],"collection":[{"href":"https:\/\/mariesezceramics.com\/index.php\/wp-json\/wp\/v2\/product"}],"about":[{"href":"https:\/\/mariesezceramics.com\/index.php\/wp-json\/wp\/v2\/types\/product"}],"replies":[{"embeddable":true,"href":"https:\/\/mariesezceramics.com\/index.php\/wp-json\/wp\/v2\/comments?post=5662"}],"version-history":[{"count":2,"href":"https:\/\/mariesezceramics.com\/index.php\/wp-json\/wp\/v2\/product\/5662\/revisions"}],"predecessor-version":[{"id":6035,"href":"https:\/\/mariesezceramics.com\/index.php\/wp-json\/wp\/v2\/product\/5662\/revisions\/6035"}],"wp:featuredmedia":[{"embeddable":true,"href":"https:\/\/mariesezceramics.com\/index.php\/wp-json\/wp\/v2\/media\/6031"}],"wp:attachment":[{"href":"https:\/\/mariesezceramics.com\/index.php\/wp-json\/wp\/v2\/media?parent=5662"}],"wp:term":[{"taxonomy":"product_brand","embeddable":true,"href":"https:\/\/mariesezceramics.com\/index.php\/wp-json\/wp\/v2\/product_brand?post=5662"},{"taxonomy":"product_cat","embeddable":true,"href":"https:\/\/mariesezceramics.com\/index.php\/wp-json\/wp\/v2\/product_cat?post=5662"},{"taxonomy":"product_tag","embeddable":true,"href":"https:\/\/mariesezceramics.com\/index.php\/wp-json\/wp\/v2\/product_tag?post=5662"}],"curies":[{"name":"wp","href":"https:\/\/api.w.org\/{rel}","templated":true}]}}