{"id":5725,"date":"2023-07-28T14:06:11","date_gmt":"2023-07-28T12:06:11","guid":{"rendered":"https:\/\/mariesezceramics.com\/?post_type=product&#038;p=5725"},"modified":"2024-07-20T02:06:04","modified_gmt":"2024-07-20T00:06:04","slug":"bol-tricolore-rose","status":"publish","type":"product","link":"https:\/\/mariesezceramics.com\/index.php\/product\/bol-tricolore-rose\/","title":{"rendered":"Bol Tricolore Ros\u00e9"},"content":{"rendered":"<div class=\"flex-1 overflow-hidden\">\n<div class=\"react-scroll-to-bottom--css-ohjor-79elbk h-full dark:bg-gray-800\">\n<div class=\"react-scroll-to-bottom--css-ohjor-1n7m0yu\">\n<div class=\"flex flex-col text-sm dark:bg-gray-800\">\n<div class=\"group w-full text-gray-800 dark:text-gray-100 border-b border-black\/10 dark:border-gray-900\/50 bg-gray-50 dark:bg-[#444654]\">\n<div class=\"flex p-4 gap-4 text-base md:gap-6 md:max-w-2xl lg:max-w-[38rem] xl:max-w-3xl md:py-6 lg:px-0 m-auto\">\n<div class=\"relative flex w-[calc(100%-50px)] flex-col gap-1 md:gap-3 lg:w-[calc(100%-115px)]\">\n<div class=\"flex flex-grow flex-col gap-3\">\n<div class=\"min-h-[20px] flex items-start overflow-x-auto whitespace-pre-wrap break-words flex-col gap-4\">\n<div class=\"markdown prose w-full break-words dark:prose-invert light\">\n<p>Bienvenue dans ma boutique en ligne dans cette rubrique d\u00e9di\u00e9e aux arts de la table et \u00e0 la passion de la cr\u00e9ation ! Je suis heureuse de vous pr\u00e9senter mon ce \u00a0bol unique et fait main, issu de mon propre model\u00e9 de fa\u00e7on artisanal.<\/p>\n<p>Chaque bol que je con\u00e7ois est une v\u00e9ritable \u0153uvre d&rsquo;art, refl\u00e9tant ma cr\u00e9ativit\u00e9 et mon amour pour l&rsquo;artisanat. Chaque \u00e9tape de sa fabrication est r\u00e9alis\u00e9e avec minutie, dans le souci du d\u00e9tail et de la qualit\u00e9. Chaque trempage d&rsquo;\u00e9mail est soigneusement pens\u00e9 pour donner naissance \u00e0 une pi\u00e8ce exceptionnelle, charg\u00e9e d&rsquo;\u00e9motions.le mariage tricolore du blanc brillant, blanc mat tachet\u00e9 et du rose conf\u00e8re \u00e0 ce bol douceur et l\u00e9g\u00e8ret\u00e9.<\/p>\n<p>En choisissant mon bol, vous optez pour une cr\u00e9ation originale, qui ne ressemble \u00e0 aucune autre. Son caract\u00e8re unique ajoutera une touche d&rsquo;authenticit\u00e9 et de personnalit\u00e9 \u00e0 votre table. Chaque fois que vous l&rsquo;utiliserez, vous pourrez ressentir la passion et l&rsquo;amour que j&rsquo;ai investis dans sa fabrication.<\/p>\n<p>Je suis fi\u00e8re de vous pr\u00e9senter cette pi\u00e8ce cr\u00e9ative, fruit de mon imagination et de mon savoir-faire. C&rsquo;est avec une grande joie que je vous invite \u00e0 faire partie de cette aventure artistique en accueillant ce bol artisanal dans votre foyer.<\/p>\n<p>Ne cherchez pas plus loin pour trouver un bol \u00e0 la fois beau, original et charg\u00e9 de sens. Laissez-vous s\u00e9duire par l&rsquo;\u00e2me de cet objet, qui raconte une histoire unique et deviendra un v\u00e9ritable tr\u00e9sor dans votre collection d&rsquo;arts de la table.<\/p>\n<p>N&rsquo;h\u00e9sitez pas \u00e0 explorer notre boutique en ligne et \u00e0 d\u00e9couvrir d&rsquo;autres cr\u00e9ations uniques, toutes r\u00e9alis\u00e9es avec la m\u00eame passion et le m\u00eame souci de l&rsquo;artisanat. Merci de soutenir mon travail d&rsquo;artiste, et j&rsquo;ai h\u00e2te de partager avec vous un morceau de mon univers \u00e0 travers ce magnifique bol fait main.<\/p>\n<\/div>\n<\/div>\n<\/div>\n<div class=\"flex justify-between lg:block\">\n<div class=\"text-gray-400 flex self-end lg:self-center justify-center mt-2 gap-2 md:gap-3 lg:gap-1 lg:absolute lg:top-0 lg:translate-x-full lg:right-0 lg:mt-0 lg:pl-2 visible\"><button class=\"flex ml-auto gap-2 rounded-md p-1 hover:bg-gray-100 hover:text-gray-700 dark:text-gray-400 dark:hover:bg-gray-700 dark:hover:text-gray-200 disabled:dark:hover:text-gray-400\"><\/button><\/p>\n<div class=\"flex gap-1\"><\/div>\n<\/div>\n<\/div>\n<\/div>\n<\/div>\n<\/div>\n<div class=\"h-32 md:h-48 flex-shrink-0\"><\/div>\n<\/div>\n<\/div>\n<\/div>\n<\/div>\n<div class=\"absolute bottom-0 left-0 w-full border-t md:border-t-0 dark:border-white\/20 md:border-transparent md:dark:border-transparent md:bg-vert-light-gradient bg-white dark:bg-gray-800 md:!bg-transparent dark:md:bg-vert-dark-gradient pt-2 md:pl-2 md:w-[calc(100%-.5rem)]\">\n<form class=\"stretch mx-2 flex flex-row gap-3 last:mb-2 md:mx-4 md:last:mb-6 lg:mx-auto lg:max-w-2xl xl:max-w-3xl\">\n<div class=\"relative flex h-full flex-1 items-stretch md:flex-col\" role=\"presentation\">\n<div>\n<div class=\"h-full flex ml-1 md:w-full md:m-auto md:mb-2 gap-0 md:gap-2 justify-center\"><\/div>\n<\/div>\n<\/div>\n<\/form>\n<\/div>\n","protected":false},"excerpt":{"rendered":"<p>D\u00e9couvrez ce bol tricolore fait main, une pi\u00e8ce unique et cr\u00e9ative pour embellir vos repas. Une v\u00e9ritable \u0153uvre d&rsquo;art artisanale, charg\u00e9e d&rsquo;\u00e9motions et de passion. Ajoutez une touche d&rsquo;authenticit\u00e9 \u00e0 votre table avec cette cr\u00e9ation originale.<\/p>\n","protected":false},"featured_media":5713,"comment_status":"open","ping_status":"closed","template":"","meta":{"site-sidebar-layout":"default","site-content-layout":"default","ast-site-content-layout":"default","site-content-style":"default","site-sidebar-style":"default","ast-global-header-display":"","ast-banner-title-visibility":"","ast-main-header-display":"","ast-hfb-above-header-display":"","ast-hfb-below-header-display":"","ast-hfb-mobile-header-display":"","site-post-title":"","ast-breadcrumbs-content":"","ast-featured-img":"","footer-sml-layout":"","theme-transparent-header-meta":"default","adv-header-id-meta":"","stick-header-meta":"","header-above-stick-meta":"","header-main-stick-meta":"","header-below-stick-meta":"","astra-migrate-meta-layouts":"set","ast-page-background-enabled":"default","ast-page-background-meta":{"desktop":{"background-color":"","background-image":"","background-repeat":"repeat","background-position":"center center","background-size":"auto","background-attachment":"scroll","background-type":"","background-media":"","overlay-type":"","overlay-color":"","overlay-gradient":""},"tablet":{"background-color":"","background-image":"","background-repeat":"repeat","background-position":"center center","background-size":"auto","background-attachment":"scroll","background-type":"","background-media":"","overlay-type":"","overlay-color":"","overlay-gradient":""},"mobile":{"background-color":"","background-image":"","background-repeat":"repeat","background-position":"center center","background-size":"auto","background-attachment":"scroll","background-type":"","background-media":"","overlay-type":"","overlay-color":"","overlay-gradient":""}},"ast-content-background-meta":{"desktop":{"background-color":"var(--ast-global-color-5)","background-image":"","background-repeat":"repeat","background-position":"center center","background-size":"auto","background-attachment":"scroll","background-type":"","background-media":"","overlay-type":"","overlay-color":"","overlay-gradient":""},"tablet":{"background-color":"var(--ast-global-color-5)","background-image":"","background-repeat":"repeat","background-position":"center center","background-size":"auto","background-attachment":"scroll","background-type":"","background-media":"","overlay-type":"","overlay-color":"","overlay-gradient":""},"mobile":{"background-color":"var(--ast-global-color-5)","background-image":"","background-repeat":"repeat","background-position":"center center","background-size":"auto","background-attachment":"scroll","background-type":"","background-media":"","overlay-type":"","overlay-color":"","overlay-gradient":""}}},"product_brand":[],"product_cat":[39],"product_tag":[],"class_list":{"0":"post-5725","1":"product","2":"type-product","3":"status-publish","4":"has-post-thumbnail","6":"product_cat-bol","7":"desktop-align-center","8":"tablet-align-center","9":"mobile-align-center","11":"first","12":"instock","13":"purchasable","14":"product-type-simple"},"jetpack_sharing_enabled":true,"_links":{"self":[{"href":"https:\/\/mariesezceramics.com\/index.php\/wp-json\/wp\/v2\/product\/5725","targetHints":{"allow":["GET"]}}],"collection":[{"href":"https:\/\/mariesezceramics.com\/index.php\/wp-json\/wp\/v2\/product"}],"about":[{"href":"https:\/\/mariesezceramics.com\/index.php\/wp-json\/wp\/v2\/types\/product"}],"replies":[{"embeddable":true,"href":"https:\/\/mariesezceramics.com\/index.php\/wp-json\/wp\/v2\/comments?post=5725"}],"version-history":[{"count":1,"href":"https:\/\/mariesezceramics.com\/index.php\/wp-json\/wp\/v2\/product\/5725\/revisions"}],"predecessor-version":[{"id":6263,"href":"https:\/\/mariesezceramics.com\/index.php\/wp-json\/wp\/v2\/product\/5725\/revisions\/6263"}],"wp:featuredmedia":[{"embeddable":true,"href":"https:\/\/mariesezceramics.com\/index.php\/wp-json\/wp\/v2\/media\/5713"}],"wp:attachment":[{"href":"https:\/\/mariesezceramics.com\/index.php\/wp-json\/wp\/v2\/media?parent=5725"}],"wp:term":[{"taxonomy":"product_brand","embeddable":true,"href":"https:\/\/mariesezceramics.com\/index.php\/wp-json\/wp\/v2\/product_brand?post=5725"},{"taxonomy":"product_cat","embeddable":true,"href":"https:\/\/mariesezceramics.com\/index.php\/wp-json\/wp\/v2\/product_cat?post=5725"},{"taxonomy":"product_tag","embeddable":true,"href":"https:\/\/mariesezceramics.com\/index.php\/wp-json\/wp\/v2\/product_tag?post=5725"}],"curies":[{"name":"wp","href":"https:\/\/api.w.org\/{rel}","templated":true}]}}