{"id":5797,"date":"2023-08-01T00:50:50","date_gmt":"2023-07-31T22:50:50","guid":{"rendered":"https:\/\/mariesezceramics.com\/?post_type=product&#038;p=5797"},"modified":"2024-01-05T18:21:26","modified_gmt":"2024-01-05T17:21:26","slug":"chips-and-dips","status":"publish","type":"product","link":"https:\/\/mariesezceramics.com\/index.php\/product\/chips-and-dips\/","title":{"rendered":"Chips and Dips Dripping Blue"},"content":{"rendered":"<p>Bienvenue dans mon univers artistique d\u00e9di\u00e9 aux arts de la table. Je suis enchant\u00e9 de vous pr\u00e9senter ce \u00ab\u00a0chips and dips\u00a0\u00bb unique, enti\u00e8rement fait main et r\u00e9alis\u00e9 sur le tour de potier.<\/p>\n<p>Chaque \u00ab\u00a0chips and dips\u00a0\u00bb que je cr\u00e9e est une pi\u00e8ce unique, portant en lui l&rsquo;\u00e2me de l&rsquo;artisanat et une touche de cr\u00e9ativit\u00e9 qu&rsquo;on retrouve dans ses coulures d&rsquo;\u00e9mail. Les nuances de bleus, sur terre rouge se m\u00ealent harmonieusement pour ajouter une touche de profondeur et d&rsquo;originalit\u00e9 \u00e0 votre table.<\/p>\n<p>Ce \u00ab\u00a0chips and dips\u00a0\u00bb est sp\u00e9cialement con\u00e7u pour vos ap\u00e9ros conviviaux : placez la sauce au centre et disposez les chips autour pour une pr\u00e9sentation \u00e9l\u00e9gante et pratique.<\/p>\n<p>Offrez-vous cette pi\u00e8ce d&rsquo;exception, fruit de mon savoir-faire artisanal, et \u00e9merveillez vos convives avec une pr\u00e9sentation artistique de vos ap\u00e9ritifs.<\/p>\n<p>Ne manquez pas l&rsquo;opportunit\u00e9 de poss\u00e9der un \u00ab\u00a0chips and dips\u00a0\u00bb unique en son genre, r\u00e9alis\u00e9 avec soin pour les arts de la table. Commandez d\u00e8s maintenant votre pi\u00e8ce unique pour des ap\u00e9ros inoubliables et une table originale.<\/p>\n","protected":false},"excerpt":{"rendered":"<p>D\u00e9couvrez mon \u00ab\u00a0chips and dips\u00a0\u00bb unique, enti\u00e8rement fait main sur le tour de potier. Les nuances de bleus et les coulures d&rsquo;\u00e9mail s&rsquo;harmonisent pour une pr\u00e9sentation artistique de vos ap\u00e9ritifs. Commandez cette pi\u00e8ce d&rsquo;exception d\u00e8s maintenant pour des moments conviviaux inoubliables.<\/p>\n","protected":false},"featured_media":6340,"comment_status":"open","ping_status":"closed","template":"","meta":{"site-sidebar-layout":"default","site-content-layout":"default","ast-site-content-layout":"","site-content-style":"default","site-sidebar-style":"default","ast-global-header-display":"","ast-banner-title-visibility":"","ast-main-header-display":"","ast-hfb-above-header-display":"","ast-hfb-below-header-display":"","ast-hfb-mobile-header-display":"","site-post-title":"","ast-breadcrumbs-content":"","ast-featured-img":"","footer-sml-layout":"","theme-transparent-header-meta":"default","adv-header-id-meta":"","stick-header-meta":"","header-above-stick-meta":"","header-main-stick-meta":"","header-below-stick-meta":"","astra-migrate-meta-layouts":"default","ast-page-background-enabled":"default","ast-page-background-meta":{"desktop":{"background-color":"","background-image":"","background-repeat":"repeat","background-position":"center center","background-size":"auto","background-attachment":"scroll","background-type":"","background-media":"","overlay-type":"","overlay-color":"","overlay-gradient":""},"tablet":{"background-color":"","background-image":"","background-repeat":"repeat","background-position":"center center","background-size":"auto","background-attachment":"scroll","background-type":"","background-media":"","overlay-type":"","overlay-color":"","overlay-gradient":""},"mobile":{"background-color":"","background-image":"","background-repeat":"repeat","background-position":"center center","background-size":"auto","background-attachment":"scroll","background-type":"","background-media":"","overlay-type":"","overlay-color":"","overlay-gradient":""}},"ast-content-background-meta":{"desktop":{"background-color":"var(--ast-global-color-5)","background-image":"","background-repeat":"repeat","background-position":"center center","background-size":"auto","background-attachment":"scroll","background-type":"","background-media":"","overlay-type":"","overlay-color":"","overlay-gradient":""},"tablet":{"background-color":"var(--ast-global-color-5)","background-image":"","background-repeat":"repeat","background-position":"center center","background-size":"auto","background-attachment":"scroll","background-type":"","background-media":"","overlay-type":"","overlay-color":"","overlay-gradient":""},"mobile":{"background-color":"var(--ast-global-color-5)","background-image":"","background-repeat":"repeat","background-position":"center center","background-size":"auto","background-attachment":"scroll","background-type":"","background-media":"","overlay-type":"","overlay-color":"","overlay-gradient":""}}},"product_brand":[],"product_cat":[43,37],"product_tag":[],"class_list":{"0":"post-5797","1":"product","2":"type-product","3":"status-publish","4":"has-post-thumbnail","6":"product_cat-chips-and-dips","7":"product_cat-art-de-la-table","8":"product_shipping_class-forfait-europe","9":"desktop-align-center","10":"tablet-align-center","11":"mobile-align-center","13":"first","14":"instock","15":"purchasable","16":"product-type-simple"},"jetpack_sharing_enabled":true,"_links":{"self":[{"href":"https:\/\/mariesezceramics.com\/index.php\/wp-json\/wp\/v2\/product\/5797","targetHints":{"allow":["GET"]}}],"collection":[{"href":"https:\/\/mariesezceramics.com\/index.php\/wp-json\/wp\/v2\/product"}],"about":[{"href":"https:\/\/mariesezceramics.com\/index.php\/wp-json\/wp\/v2\/types\/product"}],"replies":[{"embeddable":true,"href":"https:\/\/mariesezceramics.com\/index.php\/wp-json\/wp\/v2\/comments?post=5797"}],"version-history":[{"count":3,"href":"https:\/\/mariesezceramics.com\/index.php\/wp-json\/wp\/v2\/product\/5797\/revisions"}],"predecessor-version":[{"id":6344,"href":"https:\/\/mariesezceramics.com\/index.php\/wp-json\/wp\/v2\/product\/5797\/revisions\/6344"}],"wp:featuredmedia":[{"embeddable":true,"href":"https:\/\/mariesezceramics.com\/index.php\/wp-json\/wp\/v2\/media\/6340"}],"wp:attachment":[{"href":"https:\/\/mariesezceramics.com\/index.php\/wp-json\/wp\/v2\/media?parent=5797"}],"wp:term":[{"taxonomy":"product_brand","embeddable":true,"href":"https:\/\/mariesezceramics.com\/index.php\/wp-json\/wp\/v2\/product_brand?post=5797"},{"taxonomy":"product_cat","embeddable":true,"href":"https:\/\/mariesezceramics.com\/index.php\/wp-json\/wp\/v2\/product_cat?post=5797"},{"taxonomy":"product_tag","embeddable":true,"href":"https:\/\/mariesezceramics.com\/index.php\/wp-json\/wp\/v2\/product_tag?post=5797"}],"curies":[{"name":"wp","href":"https:\/\/api.w.org\/{rel}","templated":true}]}}