{"id":5811,"date":"2023-08-05T21:41:11","date_gmt":"2023-08-05T19:41:11","guid":{"rendered":"https:\/\/mariesezceramics.com\/?post_type=product&#038;p=5811"},"modified":"2023-12-16T19:15:21","modified_gmt":"2023-12-16T18:15:21","slug":"petite-assiette-bleu","status":"publish","type":"product","link":"https:\/\/mariesezceramics.com\/index.php\/product\/petite-assiette-bleu\/","title":{"rendered":"Petite assiette bleu"},"content":{"rendered":"<p>Bienvenue dans mon univers cr\u00e9atif d\u00e9di\u00e9 aux arts de la table, o\u00f9 je suis ravi de vous pr\u00e9senter ma derni\u00e8re cr\u00e9ation : une petite assiette faite main au tour de potier.<\/p>\n<p>Chaque assiette que je cr\u00e9e est une pi\u00e8ce unique, impr\u00e9gn\u00e9e de l&rsquo;\u00e2me de l&rsquo;artisanat et d&rsquo;une touche de cr\u00e9ativit\u00e9. Son design original et son m\u00e9lange d&rsquo;\u00e9mail bleu sur gr\u00e8s blanc offrent une esth\u00e9tique \u00e0 la fois moderne et intemporelle.<\/p>\n<p>Cette assiette est con\u00e7ue avec minutie pour ajouter une touche cr\u00e9ative \u00e0 vos pr\u00e9sentations culinaires. Elle sera le point central de vos tables, apportant une dimension artistique \u00e0 vos repas.<\/p>\n<p>Offrez-vous cette pi\u00e8ce d&rsquo;exception pour sublimer vos repas et impressionner vos convives. Ne manquez pas l&rsquo;opportunit\u00e9 de poss\u00e9der une assiette unique en son genre, r\u00e9alis\u00e9e avec passion pour les arts de la table.<\/p>\n<p>Commandez d\u00e8s maintenant cette assiette faite main et ajoutez une touche design et originale \u00e0 vos pr\u00e9sentations culinaires.<\/p>\n","protected":false},"excerpt":{"rendered":"<p>D\u00e9couvrez mon assiette faite main au tour de potier, pi\u00e8ce unique impr\u00e9gn\u00e9e d&rsquo;artisanat et de cr\u00e9ativit\u00e9. Son design original, associ\u00e9 au m\u00e9lange d&rsquo;\u00e9mail bleu sur gr\u00e8s blanc, apporte une esth\u00e9tique moderne \u00e0 vos pr\u00e9sentations culinaires. Commandez d\u00e8s maintenant pour sublimer vos repas avec une touche artistique et originale.<\/p>\n","protected":false},"featured_media":5810,"comment_status":"open","ping_status":"closed","template":"","meta":{"site-sidebar-layout":"default","site-content-layout":"default","ast-site-content-layout":"","site-content-style":"default","site-sidebar-style":"default","ast-global-header-display":"","ast-banner-title-visibility":"","ast-main-header-display":"","ast-hfb-above-header-display":"","ast-hfb-below-header-display":"","ast-hfb-mobile-header-display":"","site-post-title":"","ast-breadcrumbs-content":"","ast-featured-img":"","footer-sml-layout":"","theme-transparent-header-meta":"default","adv-header-id-meta":"","stick-header-meta":"","header-above-stick-meta":"","header-main-stick-meta":"","header-below-stick-meta":"","astra-migrate-meta-layouts":"default","ast-page-background-enabled":"default","ast-page-background-meta":{"desktop":{"background-color":"","background-image":"","background-repeat":"repeat","background-position":"center center","background-size":"auto","background-attachment":"scroll","background-type":"","background-media":"","overlay-type":"","overlay-color":"","overlay-gradient":""},"tablet":{"background-color":"","background-image":"","background-repeat":"repeat","background-position":"center center","background-size":"auto","background-attachment":"scroll","background-type":"","background-media":"","overlay-type":"","overlay-color":"","overlay-gradient":""},"mobile":{"background-color":"","background-image":"","background-repeat":"repeat","background-position":"center center","background-size":"auto","background-attachment":"scroll","background-type":"","background-media":"","overlay-type":"","overlay-color":"","overlay-gradient":""}},"ast-content-background-meta":{"desktop":{"background-color":"var(--ast-global-color-5)","background-image":"","background-repeat":"repeat","background-position":"center center","background-size":"auto","background-attachment":"scroll","background-type":"","background-media":"","overlay-type":"","overlay-color":"","overlay-gradient":""},"tablet":{"background-color":"var(--ast-global-color-5)","background-image":"","background-repeat":"repeat","background-position":"center center","background-size":"auto","background-attachment":"scroll","background-type":"","background-media":"","overlay-type":"","overlay-color":"","overlay-gradient":""},"mobile":{"background-color":"var(--ast-global-color-5)","background-image":"","background-repeat":"repeat","background-position":"center center","background-size":"auto","background-attachment":"scroll","background-type":"","background-media":"","overlay-type":"","overlay-color":"","overlay-gradient":""}}},"product_brand":[],"product_cat":[45],"product_tag":[],"class_list":{"0":"post-5811","1":"product","2":"type-product","3":"status-publish","4":"has-post-thumbnail","6":"product_cat-assiette","7":"product_shipping_class-forfait-europe","8":"desktop-align-center","9":"tablet-align-center","10":"mobile-align-center","12":"first","13":"instock","14":"purchasable","15":"product-type-simple"},"jetpack_sharing_enabled":true,"_links":{"self":[{"href":"https:\/\/mariesezceramics.com\/index.php\/wp-json\/wp\/v2\/product\/5811","targetHints":{"allow":["GET"]}}],"collection":[{"href":"https:\/\/mariesezceramics.com\/index.php\/wp-json\/wp\/v2\/product"}],"about":[{"href":"https:\/\/mariesezceramics.com\/index.php\/wp-json\/wp\/v2\/types\/product"}],"replies":[{"embeddable":true,"href":"https:\/\/mariesezceramics.com\/index.php\/wp-json\/wp\/v2\/comments?post=5811"}],"version-history":[{"count":1,"href":"https:\/\/mariesezceramics.com\/index.php\/wp-json\/wp\/v2\/product\/5811\/revisions"}],"predecessor-version":[{"id":6265,"href":"https:\/\/mariesezceramics.com\/index.php\/wp-json\/wp\/v2\/product\/5811\/revisions\/6265"}],"wp:featuredmedia":[{"embeddable":true,"href":"https:\/\/mariesezceramics.com\/index.php\/wp-json\/wp\/v2\/media\/5810"}],"wp:attachment":[{"href":"https:\/\/mariesezceramics.com\/index.php\/wp-json\/wp\/v2\/media?parent=5811"}],"wp:term":[{"taxonomy":"product_brand","embeddable":true,"href":"https:\/\/mariesezceramics.com\/index.php\/wp-json\/wp\/v2\/product_brand?post=5811"},{"taxonomy":"product_cat","embeddable":true,"href":"https:\/\/mariesezceramics.com\/index.php\/wp-json\/wp\/v2\/product_cat?post=5811"},{"taxonomy":"product_tag","embeddable":true,"href":"https:\/\/mariesezceramics.com\/index.php\/wp-json\/wp\/v2\/product_tag?post=5811"}],"curies":[{"name":"wp","href":"https:\/\/api.w.org\/{rel}","templated":true}]}}