{"id":5832,"date":"2023-08-05T22:29:18","date_gmt":"2023-08-05T20:29:18","guid":{"rendered":"https:\/\/mariesezceramics.com\/?post_type=product&#038;p=5832"},"modified":"2023-10-23T00:47:11","modified_gmt":"2023-10-22T22:47:11","slug":"pot-de-fleur-neriage","status":"publish","type":"product","link":"https:\/\/mariesezceramics.com\/index.php\/product\/pot-de-fleur-neriage\/","title":{"rendered":"Pot de fleur n\u00e9riage"},"content":{"rendered":"<p>D\u00e9couvrez mon univers artistique, o\u00f9 je vous pr\u00e9sente fi\u00e8rement ma derni\u00e8re cr\u00e9ation : pot de fleur con\u00e7u \u00e0 la main, r\u00e9alis\u00e9 avec la technique de n\u00e9riage. Chaque vase que je cr\u00e9e est unique, porteur de l&rsquo;\u00e2me de l&rsquo;artisanat et de mon inspiration.<\/p>\n<p>Son m\u00e9lange d&rsquo;argile rouge et blanche, associ\u00e9 \u00e0 une texture \u00e0 la fois brillante et mate aux bordures ondul\u00e9es, offre une esth\u00e9tique unique et \u00e9l\u00e9gante. Con\u00e7u avec soin, ce vase est parfait pour accueillir vos plantes favorites avec une touche artistique.<\/p>\n<p>Offrez-vous cet objet de d\u00e9coration exceptionnel pour sublimer votre espace et ajouter une touche artistique \u00e0 votre d\u00e9coration int\u00e9rieur ou ext\u00e9rieur. Ne manquez pas l&rsquo;occasion de poss\u00e9der une pi\u00e8ce unique en son genre, cr\u00e9\u00e9e avec passion pour l&rsquo;artisanat et le design.<\/p>\n<p>Commandez d\u00e8s maintenant ce petit vase fait main et transformez votre int\u00e9rieur en une v\u00e9ritable vitrine d&rsquo;art vivant, o\u00f9 chaque port de fleur devient une c\u00e9l\u00e9bration de cr\u00e9ativit\u00e9 et de beaut\u00e9.<\/p>\n","protected":false},"excerpt":{"rendered":"<p>Explorez mon univers artistique avec mon pot de fleur unique fait main, m\u00ealant argile rouge et blanche, texture mate et brillante aux bordures ondul\u00e9es. Sublimez votre espace int\u00e9rieur ou ext\u00e9rieur avec cette objet de d\u00e9coration exceptionnelle. Commandez maintenant pour poss\u00e9der une pi\u00e8ce unique, n\u00e9e de la passion pour l&rsquo;artisanat et le design.<\/p>\n","protected":false},"featured_media":5833,"comment_status":"open","ping_status":"closed","template":"","meta":{"site-sidebar-layout":"default","site-content-layout":"default","ast-site-content-layout":"","site-content-style":"default","site-sidebar-style":"default","ast-global-header-display":"","ast-banner-title-visibility":"","ast-main-header-display":"","ast-hfb-above-header-display":"","ast-hfb-below-header-display":"","ast-hfb-mobile-header-display":"","site-post-title":"","ast-breadcrumbs-content":"","ast-featured-img":"","footer-sml-layout":"","theme-transparent-header-meta":"default","adv-header-id-meta":"","stick-header-meta":"","header-above-stick-meta":"","header-main-stick-meta":"","header-below-stick-meta":"","astra-migrate-meta-layouts":"default","ast-page-background-enabled":"default","ast-page-background-meta":{"desktop":{"background-color":"","background-image":"","background-repeat":"repeat","background-position":"center center","background-size":"auto","background-attachment":"scroll","background-type":"","background-media":"","overlay-type":"","overlay-color":"","overlay-gradient":""},"tablet":{"background-color":"","background-image":"","background-repeat":"repeat","background-position":"center center","background-size":"auto","background-attachment":"scroll","background-type":"","background-media":"","overlay-type":"","overlay-color":"","overlay-gradient":""},"mobile":{"background-color":"","background-image":"","background-repeat":"repeat","background-position":"center center","background-size":"auto","background-attachment":"scroll","background-type":"","background-media":"","overlay-type":"","overlay-color":"","overlay-gradient":""}},"ast-content-background-meta":{"desktop":{"background-color":"var(--ast-global-color-5)","background-image":"","background-repeat":"repeat","background-position":"center center","background-size":"auto","background-attachment":"scroll","background-type":"","background-media":"","overlay-type":"","overlay-color":"","overlay-gradient":""},"tablet":{"background-color":"var(--ast-global-color-5)","background-image":"","background-repeat":"repeat","background-position":"center center","background-size":"auto","background-attachment":"scroll","background-type":"","background-media":"","overlay-type":"","overlay-color":"","overlay-gradient":""},"mobile":{"background-color":"var(--ast-global-color-5)","background-image":"","background-repeat":"repeat","background-position":"center center","background-size":"auto","background-attachment":"scroll","background-type":"","background-media":"","overlay-type":"","overlay-color":"","overlay-gradient":""}}},"product_brand":[],"product_cat":[48,38],"product_tag":[],"class_list":{"0":"post-5832","1":"product","2":"type-product","3":"status-publish","4":"has-post-thumbnail","6":"product_cat-pot-de-fleur","7":"product_cat-decoration","8":"product_shipping_class-forfait-europe","9":"desktop-align-center","10":"tablet-align-center","11":"mobile-align-center","13":"first","14":"instock","15":"purchasable","16":"product-type-simple"},"jetpack_sharing_enabled":true,"_links":{"self":[{"href":"https:\/\/mariesezceramics.com\/index.php\/wp-json\/wp\/v2\/product\/5832","targetHints":{"allow":["GET"]}}],"collection":[{"href":"https:\/\/mariesezceramics.com\/index.php\/wp-json\/wp\/v2\/product"}],"about":[{"href":"https:\/\/mariesezceramics.com\/index.php\/wp-json\/wp\/v2\/types\/product"}],"replies":[{"embeddable":true,"href":"https:\/\/mariesezceramics.com\/index.php\/wp-json\/wp\/v2\/comments?post=5832"}],"version-history":[{"count":1,"href":"https:\/\/mariesezceramics.com\/index.php\/wp-json\/wp\/v2\/product\/5832\/revisions"}],"predecessor-version":[{"id":6143,"href":"https:\/\/mariesezceramics.com\/index.php\/wp-json\/wp\/v2\/product\/5832\/revisions\/6143"}],"wp:featuredmedia":[{"embeddable":true,"href":"https:\/\/mariesezceramics.com\/index.php\/wp-json\/wp\/v2\/media\/5833"}],"wp:attachment":[{"href":"https:\/\/mariesezceramics.com\/index.php\/wp-json\/wp\/v2\/media?parent=5832"}],"wp:term":[{"taxonomy":"product_brand","embeddable":true,"href":"https:\/\/mariesezceramics.com\/index.php\/wp-json\/wp\/v2\/product_brand?post=5832"},{"taxonomy":"product_cat","embeddable":true,"href":"https:\/\/mariesezceramics.com\/index.php\/wp-json\/wp\/v2\/product_cat?post=5832"},{"taxonomy":"product_tag","embeddable":true,"href":"https:\/\/mariesezceramics.com\/index.php\/wp-json\/wp\/v2\/product_tag?post=5832"}],"curies":[{"name":"wp","href":"https:\/\/api.w.org\/{rel}","templated":true}]}}