{"id":6544,"date":"2024-08-25T18:28:17","date_gmt":"2024-08-25T16:28:17","guid":{"rendered":"https:\/\/mariesezceramics.com\/?post_type=product&#038;p=6544"},"modified":"2026-02-04T17:30:40","modified_gmt":"2026-02-04T16:30:40","slug":"repose-cuillere-snow-white","status":"publish","type":"product","link":"https:\/\/mariesezceramics.com\/index.php\/product\/repose-cuillere-snow-white\/","title":{"rendered":"Repose Cuill\u00e8re Snow White"},"content":{"rendered":"<p>Bienvenue dans mon univers artistique consacr\u00e9 \u00e0 l\u2019artisanat, o\u00f9 je suis ravi de vous pr\u00e9senter ce repose-cuill\u00e8re m\u00e9langeant de blanc Snow White. Cette pi\u00e8ce artisanale exceptionnelle ajoutera une touche artistique \u00e0 votre cuisine et vous permettra de poser \u00e9l\u00e9gamment vos cuill\u00e8res et ustensiles pendant la pr\u00e9paration de vos plats.<\/p>\n<p>Chaque repose-cuill\u00e8re est une pi\u00e8ce unique, impr\u00e9gn\u00e9e de l\u2019\u00e2me de l\u2019artisanat et d\u2019une touche cr\u00e9ative. La couleur brun tachet\u00e9, et le soin apport\u00e9 \u00e0 sa conception en font bien plus qu\u2019un simple accessoire de cuisine. Il incarne l\u2019expertise de l\u2019artisan, ajoutant une dimension artistique \u00e0 votre espace culinaire.<\/p>\n<p>Offrez-vous cette pi\u00e8ce d\u2019exception pour sublimer l\u2019ambiance de votre cuisine. Ne manquez pas cette occasion de poss\u00e9der un repose-cuill\u00e8re unique en son genre, cr\u00e9\u00e9 avec passion pour l\u2019artisanat.<\/p>\n<p>Commandez d\u00e8s maintenant ce repose-cuill\u00e8re fait main, et invitez chez vous l\u2019\u00e9l\u00e9gance et la singularit\u00e9 de cette pi\u00e8ce exceptionnelle, une v\u00e9ritable inspiration \u00e0 la r\u00e9alisation de plat d\u2019exception. Il ajoutera une touche d\u2019originalit\u00e9 \u00e0 vos moments culinaires.<\/p>\n","protected":false},"excerpt":{"rendered":"<p>D\u00e9couvrez ce repose-cuill\u00e8re aux nuances de Blanc Snow White, une pi\u00e8ce artisanale pour ajouter de l\u2019art \u00e0 votre cuisine.Commandez d\u00e8s maintenant ce repose-cuill\u00e8re fait main au tour de potier, et invitez chez vous l\u2019\u00e9l\u00e9gance et la singularit\u00e9 de cette pi\u00e8ce exceptionnelle, une v\u00e9ritable inspiration \u00e0 la r\u00e9alisation de plat d\u2019exception.<\/p>\n","protected":false},"featured_media":6545,"comment_status":"open","ping_status":"closed","template":"","meta":{"site-sidebar-layout":"default","site-content-layout":"","ast-site-content-layout":"default","site-content-style":"default","site-sidebar-style":"default","ast-global-header-display":"","ast-banner-title-visibility":"","ast-main-header-display":"","ast-hfb-above-header-display":"","ast-hfb-below-header-display":"","ast-hfb-mobile-header-display":"","site-post-title":"","ast-breadcrumbs-content":"","ast-featured-img":"","footer-sml-layout":"","theme-transparent-header-meta":"default","adv-header-id-meta":"","stick-header-meta":"","header-above-stick-meta":"","header-main-stick-meta":"","header-below-stick-meta":"","astra-migrate-meta-layouts":"set","ast-page-background-enabled":"default","ast-page-background-meta":{"desktop":{"background-color":"","background-image":"","background-repeat":"repeat","background-position":"center center","background-size":"auto","background-attachment":"scroll","background-type":"","background-media":"","overlay-type":"","overlay-color":"","overlay-gradient":""},"tablet":{"background-color":"","background-image":"","background-repeat":"repeat","background-position":"center center","background-size":"auto","background-attachment":"scroll","background-type":"","background-media":"","overlay-type":"","overlay-color":"","overlay-gradient":""},"mobile":{"background-color":"","background-image":"","background-repeat":"repeat","background-position":"center center","background-size":"auto","background-attachment":"scroll","background-type":"","background-media":"","overlay-type":"","overlay-color":"","overlay-gradient":""}},"ast-content-background-meta":{"desktop":{"background-color":"var(--ast-global-color-5)","background-image":"","background-repeat":"repeat","background-position":"center center","background-size":"auto","background-attachment":"scroll","background-type":"","background-media":"","overlay-type":"","overlay-color":"","overlay-gradient":""},"tablet":{"background-color":"var(--ast-global-color-5)","background-image":"","background-repeat":"repeat","background-position":"center center","background-size":"auto","background-attachment":"scroll","background-type":"","background-media":"","overlay-type":"","overlay-color":"","overlay-gradient":""},"mobile":{"background-color":"var(--ast-global-color-5)","background-image":"","background-repeat":"repeat","background-position":"center center","background-size":"auto","background-attachment":"scroll","background-type":"","background-media":"","overlay-type":"","overlay-color":"","overlay-gradient":""}}},"product_brand":[],"product_cat":[63,37],"product_tag":[],"class_list":{"0":"post-6544","1":"product","2":"type-product","3":"status-publish","4":"has-post-thumbnail","6":"product_cat-repose-cuillere","7":"product_cat-art-de-la-table","8":"product_shipping_class-forfait-europe","9":"desktop-align-center","10":"tablet-align-center","11":"mobile-align-center","13":"first","14":"instock","15":"purchasable","16":"product-type-simple"},"jetpack_sharing_enabled":true,"_links":{"self":[{"href":"https:\/\/mariesezceramics.com\/index.php\/wp-json\/wp\/v2\/product\/6544","targetHints":{"allow":["GET"]}}],"collection":[{"href":"https:\/\/mariesezceramics.com\/index.php\/wp-json\/wp\/v2\/product"}],"about":[{"href":"https:\/\/mariesezceramics.com\/index.php\/wp-json\/wp\/v2\/types\/product"}],"replies":[{"embeddable":true,"href":"https:\/\/mariesezceramics.com\/index.php\/wp-json\/wp\/v2\/comments?post=6544"}],"version-history":[{"count":1,"href":"https:\/\/mariesezceramics.com\/index.php\/wp-json\/wp\/v2\/product\/6544\/revisions"}],"predecessor-version":[{"id":6549,"href":"https:\/\/mariesezceramics.com\/index.php\/wp-json\/wp\/v2\/product\/6544\/revisions\/6549"}],"wp:featuredmedia":[{"embeddable":true,"href":"https:\/\/mariesezceramics.com\/index.php\/wp-json\/wp\/v2\/media\/6545"}],"wp:attachment":[{"href":"https:\/\/mariesezceramics.com\/index.php\/wp-json\/wp\/v2\/media?parent=6544"}],"wp:term":[{"taxonomy":"product_brand","embeddable":true,"href":"https:\/\/mariesezceramics.com\/index.php\/wp-json\/wp\/v2\/product_brand?post=6544"},{"taxonomy":"product_cat","embeddable":true,"href":"https:\/\/mariesezceramics.com\/index.php\/wp-json\/wp\/v2\/product_cat?post=6544"},{"taxonomy":"product_tag","embeddable":true,"href":"https:\/\/mariesezceramics.com\/index.php\/wp-json\/wp\/v2\/product_tag?post=6544"}],"curies":[{"name":"wp","href":"https:\/\/api.w.org\/{rel}","templated":true}]}}